{"id":70,"date":"2026-03-09T16:20:09","date_gmt":"2026-03-09T08:20:09","guid":{"rendered":"http:\/\/43.160.255.141\/contact\/"},"modified":"2026-03-09T23:35:15","modified_gmt":"2026-03-09T15:35:15","slug":"contact","status":"publish","type":"page","link":"https:\/\/kingsclaw.org\/zh\/contact\/","title":{"rendered":"\u8054\u7cfb"},"content":{"rendered":"<h1 class=\"wp-block-heading\">\u8054\u7cfb\u6211\u4eec<\/h1>\n\n\n\n<p class=\"has-large-font-size\">\u00e5\u00af\u00b9\u00e6\u02c6\u2018\u00e4\u00bb\u00ac\u00e7\u0161\u201e AI \u00e6\u2022\u00b0\u00e5\u00ad\u2014\u00e5\u2018\u02dc\u00e5\u00b7\u00a5\u00e6\u0153\u2030\u00e7\u2013\u2018\u00e9\u2014\u00ae\u00ef\u00bc\u0178\u00e6\u02c6\u2018\u00e4\u00bb\u00ac\u00e5\u00be\u02c6\u00e4\u00b9\u0090\u00e6\u201e\u008f\u00e4\u00b8\u00ba\u00e6\u201a\u00a8\u00e8\u00a7\u00a3\u00e7\u00ad\u201d\u00e3\u20ac\u201a<\/p>\n\n\n\n<h2 class=\"wp-block-heading\">\u00e8\u0081\u201d\u00e7\u00b3\u00bb\u00e6\u2013\u00b9\u00e5\u00bc\u008f<\/h2>\n\n\n\n<ul class=\"wp-block-list\">\n<li>\ud83d\udce7 <strong>Email:<\/strong> <a href=\"mailto:kings163161@gmail.com\">kings163161@gmail.com<\/a><\/li>\n<li>\ud83d\udc26 <strong>X\/Twitter:<\/strong> <a href=\"https:\/\/x.com\/Kings163161\" target=\"_blank\">@Kings163161<\/a> \u00ef\u00bc\u02c6\u00e7\u00a7\u0081\u00e4\u00bf\u00a1\u00e5\u00bc\u20ac\u00e6\u201d\u00be\u00ef\u00bc\u2030<\/li>\n<\/ul>\n\n\n\n<h2 class=\"wp-block-heading\">\u00e5\u008f\u2018\u00e9\u20ac\u0081\u00e6\u00b6\u02c6\u00e6\u0081\u00af<\/h2>\n\n\n\n\n\n<p>\u00e6\u02c6\u2018\u00e4\u00bb\u00ac\u00e9\u20ac\u0161\u00e5\u00b8\u00b8\u00e5\u0153\u00a8 24 \u00e5\u00b0\u008f\u00e6\u2014\u00b6\u00e5\u2020\u2026\u00e5\u203a\u017e\u00e5\u00a4\u008d\u00e3\u20ac\u201a\u00e5\u00a6\u201a\u00e6\u0153\u2030\u00e7\u00b4\u00a7\u00e6\u20ac\u00a5\u00e5\u2019\u00a8\u00e8\u00af\u00a2\u00ef\u00bc\u0152\u00e8\u00af\u00b7\u00e5\u0153\u00a8 X \u00e4\u00b8\u0160\u00e7\u00a7\u0081\u00e4\u00bf\u00a1\u00e6\u02c6\u2018\u00e4\u00bb\u00ac\u00e4\u00bb\u00a5\u00e8\u017d\u00b7\u00e5\u00be\u2014\u00e6\u0153\u20ac\u00e5\u00bf\u00ab\u00e5\u203a\u017e\u00e5\u00a4\u008d\u00e3\u20ac\u201a<\/p>\n\n\n\n<h2 class=\"wp-block-heading\">\u00e5\u00b8\u00b8\u00e8\u00a7\u0081\u00e9\u2014\u00ae\u00e9\u00a2\u02dc<\/h2>\n\n\n\n<h3 class=\"wp-block-heading\">\u00e9\u0192\u00a8\u00e7\u00bd\u00b2\u00e9\u0153\u20ac\u00e8\u00a6\u0081\u00e5\u00a4\u0161\u00e9\u2022\u00bf\u00e6\u2014\u00b6\u00e9\u2014\u00b4\u00ef\u00bc\u0178<\/h3>\n\n\n<p>\u00e4\u00bb\u017d\u00e4\u00b8\u2039\u00e5\u008d\u2022\u00e5\u02c6\u00b0\u00e4\u00b8\u0160\u00e7\u00ba\u00bf\u00e9\u0153\u20ac\u00e8\u00a6\u0081 7 \u00e5\u00a4\u00a9\u00e3\u20ac\u201a<\/p>\n\n\n\n<h3 class=\"wp-block-heading\">\u00e5\u0090\u017d\u00e7\u00bb\u00ad\u00e6\u0153\u2030\u00e5\u201c\u00aa\u00e4\u00ba\u203a\u00e8\u00b4\u00b9\u00e7\u201d\u00a8\u00ef\u00bc\u0178<\/h3>\n\n\n<p>AI API \u00e8\u00b4\u00b9\u00e7\u201d\u00a8\u00e5\u00b9\u00b3\u00e5\u009d\u2021\u00e7\u00ba\u00a6 $37\/\u00e6\u0153\u02c6\u00ef\u00bc\u0152\u00e5\u008f\u2013\u00e5\u2020\u00b3\u00e4\u00ba\u017d\u00e4\u00bd\u00bf\u00e7\u201d\u00a8\u00e9\u2021\u008f\u00e3\u20ac\u201a\u00e6\u2014\u00a0\u00e5\u2026\u00b6\u00e4\u00bb\u2013\u00e8\u00b4\u00b9\u00e7\u201d\u00a8\u00e3\u20ac\u201a<\/p>\n\n\n\n<h3 class=\"wp-block-heading\">\u00e5\u008f\u00af\u00e4\u00bb\u00a5\u00e8\u2021\u00aa\u00e5\u00ae\u0161\u00e4\u00b9\u2030 AI \u00e5\u2018\u02dc\u00e5\u00b7\u00a5\u00e5\u0090\u2014\u00ef\u00bc\u0178<\/h3>\n\n\n<p>\u00e5\u008f\u00af\u00e4\u00bb\u00a5\u00e3\u20ac\u201a\u00e5\u0153\u00a8\u00e9\u0192\u00a8\u00e7\u00bd\u00b2\u00e8\u00bf\u2021\u00e7\u00a8\u2039\u00e4\u00b8\u00ad\u00ef\u00bc\u0152\u00e6\u02c6\u2018\u00e4\u00bb\u00ac\u00e4\u00bc\u0161\u00e5\u0178\u00ba\u00e4\u00ba\u017d\u00e6\u201a\u00a8\u00e7\u0161\u201e\u00e5\u2026\u00b7\u00e4\u00bd\u201c\u00e4\u00b8\u0161\u00e5\u0160\u00a1\u00e6\u2022\u00b0\u00e6\u008d\u00ae\u00e3\u20ac\u0081\u00e5\u201c\u0081\u00e7\u2030\u0152\u00e8\u00af\u00ad\u00e8\u00b0\u0192\u00e5\u2019\u0152\u00e5\u00b7\u00a5\u00e4\u00bd\u0153\u00e6\u00b5\u0081\u00e7\u00a8\u2039\u00e5\u00af\u00b9\u00e5\u2026\u00b6\u00e8\u00bf\u203a\u00e8\u00a1\u0152\u00e8\u00ae\u00ad\u00e7\u00bb\u0192\u00e3\u20ac\u201a<\/p>\n\n\n\n<h3 class=\"wp-block-heading\">\u00e5\u00a6\u201a\u00e6\u017e\u0153\u00e6\u02c6\u2018\u00e4\u00b8\u008d\u00e6\u00bb\u00a1\u00e6\u201e\u008f\u00e6\u20ac\u017d\u00e4\u00b9\u02c6\u00e5\u0160\u017e\u00ef\u00bc\u0178<\/h3>\n\n\n<p>\u00e6\u02c6\u2018\u00e4\u00bb\u00ac\u00e6\u008f\u0090\u00e4\u00be\u203a 30 \u00e5\u00a4\u00a9\u00e6\u201d\u00af\u00e6\u0152\u0081\u00e6\u0153\u0178\u00e3\u20ac\u201a\u00e5\u00a6\u201a\u00e6\u017e\u0153 AI \u00e5\u2018\u02dc\u00e5\u00b7\u00a5\u00e6\u0153\u00aa\u00e8\u00be\u00be\u00e5\u02c6\u00b0\u00e6\u201a\u00a8\u00e7\u0161\u201e\u00e6\u0153\u0178\u00e6\u0153\u203a\u00ef\u00bc\u0152\u00e6\u02c6\u2018\u00e4\u00bb\u00ac\u00e5\u00b0\u2020\u00e4\u00b8\u017d\u00e6\u201a\u00a8\u00e5\u0090\u02c6\u00e4\u00bd\u0153\u00e7\u203a\u00b4\u00e5\u02c6\u00b0\u00e6\u00bb\u00a1\u00e8\u00b6\u00b3\u00e8\u00a6\u0081\u00e6\u00b1\u201a\u00e3\u20ac\u201a<\/p>","protected":false},"excerpt":{"rendered":"<p>Contact Us Have questions about our AI digital workforce? We would love to hear from you. Get In Touch \ud83d\udce7 [&hellip;]<\/p>\n","protected":false},"author":0,"featured_media":0,"parent":0,"menu_order":0,"comment_status":"closed","ping_status":"closed","template":"","meta":{"site-sidebar-layout":"default","site-content-layout":"","ast-site-content-layout":"default","site-content-style":"default","site-sidebar-style":"default","ast-global-header-display":"","ast-banner-title-visibility":"","ast-main-header-display":"","ast-hfb-above-header-display":"","ast-hfb-below-header-display":"","ast-hfb-mobile-header-display":"","site-post-title":"","ast-breadcrumbs-content":"","ast-featured-img":"","footer-sml-layout":"","ast-disable-related-posts":"","theme-transparent-header-meta":"","adv-header-id-meta":"","stick-header-meta":"","header-above-stick-meta":"","header-main-stick-meta":"","header-below-stick-meta":"","astra-migrate-meta-layouts":"default","ast-page-background-enabled":"default","ast-page-background-meta":{"desktop":{"background-color":"var(--ast-global-color-5)","background-image":"","background-repeat":"repeat","background-position":"center center","background-size":"auto","background-attachment":"scroll","background-type":"","background-media":"","overlay-type":"","overlay-color":"","overlay-opacity":"","overlay-gradient":""},"tablet":{"background-color":"","background-image":"","background-repeat":"repeat","background-position":"center center","background-size":"auto","background-attachment":"scroll","background-type":"","background-media":"","overlay-type":"","overlay-color":"","overlay-opacity":"","overlay-gradient":""},"mobile":{"background-color":"","background-image":"","background-repeat":"repeat","background-position":"center center","background-size":"auto","background-attachment":"scroll","background-type":"","background-media":"","overlay-type":"","overlay-color":"","overlay-opacity":"","overlay-gradient":""}},"ast-content-background-meta":{"desktop":{"background-color":"var(--ast-global-color-4)","background-image":"","background-repeat":"repeat","background-position":"center center","background-size":"auto","background-attachment":"scroll","background-type":"","background-media":"","overlay-type":"","overlay-color":"","overlay-opacity":"","overlay-gradient":""},"tablet":{"background-color":"var(--ast-global-color-4)","background-image":"","background-repeat":"repeat","background-position":"center center","background-size":"auto","background-attachment":"scroll","background-type":"","background-media":"","overlay-type":"","overlay-color":"","overlay-opacity":"","overlay-gradient":""},"mobile":{"background-color":"var(--ast-global-color-4)","background-image":"","background-repeat":"repeat","background-position":"center center","background-size":"auto","background-attachment":"scroll","background-type":"","background-media":"","overlay-type":"","overlay-color":"","overlay-opacity":"","overlay-gradient":""}},"footnotes":""},"class_list":["post-70","page","type-page","status-publish","hentry"],"_links":{"self":[{"href":"https:\/\/kingsclaw.org\/zh\/wp-json\/wp\/v2\/pages\/70","targetHints":{"allow":["GET"]}}],"collection":[{"href":"https:\/\/kingsclaw.org\/zh\/wp-json\/wp\/v2\/pages"}],"about":[{"href":"https:\/\/kingsclaw.org\/zh\/wp-json\/wp\/v2\/types\/page"}],"replies":[{"embeddable":true,"href":"https:\/\/kingsclaw.org\/zh\/wp-json\/wp\/v2\/comments?post=70"}],"version-history":[{"count":1,"href":"https:\/\/kingsclaw.org\/zh\/wp-json\/wp\/v2\/pages\/70\/revisions"}],"predecessor-version":[{"id":77,"href":"https:\/\/kingsclaw.org\/zh\/wp-json\/wp\/v2\/pages\/70\/revisions\/77"}],"wp:attachment":[{"href":"https:\/\/kingsclaw.org\/zh\/wp-json\/wp\/v2\/media?parent=70"}],"curies":[{"name":"wp","href":"https:\/\/api.w.org\/{rel}","templated":true}]}}